{"id":15480,"date":"2024-09-17T19:06:15","date_gmt":"2024-09-17T18:06:15","guid":{"rendered":"https:\/\/www.staszickutno.pl\/szkola\/?page_id=15480"},"modified":"2025-09-16T19:44:12","modified_gmt":"2025-09-16T18:44:12","slug":"dodatkowe-dni-wolne-od-zajec-edukacyjnych","status":"publish","type":"page","link":"https:\/\/www.staszickutno.pl\/szkola\/?page_id=15480","title":{"rendered":"Dodatkowe dni wolne od zaj\u0119\u0107 edukacyjnych"},"content":{"rendered":"\t\t<div data-elementor-type=\"wp-page\" data-elementor-id=\"15480\" class=\"elementor elementor-15480\" data-elementor-settings=\"[]\">\n\t\t\t\t\t\t<div class=\"elementor-inner\">\n\t\t\t\t\t\t\t<div class=\"elementor-section-wrap\">\n\t\t\t\t\t\t\t<section class=\"elementor-section elementor-top-section elementor-element elementor-element-8e3f273 elementor-section-boxed elementor-section-height-default elementor-section-height-default\" data-id=\"8e3f273\" data-element_type=\"section\">\n\t\t\t\t\t\t<div class=\"elementor-container elementor-column-gap-default\">\n\t\t\t\t\t\t\t<div class=\"elementor-row\">\n\t\t\t\t\t<div class=\"elementor-column elementor-col-100 elementor-top-column elementor-element elementor-element-1b0d877\" data-id=\"1b0d877\" data-element_type=\"column\">\n\t\t\t<div class=\"elementor-column-wrap elementor-element-populated\">\n\t\t\t\t\t\t\t<div class=\"elementor-widget-wrap\">\n\t\t\t\t\t\t<div class=\"elementor-element elementor-element-0c2f7b3 elementor-invisible elementor-widget elementor-widget-text-editor\" data-id=\"0c2f7b3\" data-element_type=\"widget\" data-settings=\"{&quot;_animation&quot;:&quot;zoomIn&quot;}\" data-widget_type=\"text-editor.default\">\n\t\t\t\t<div class=\"elementor-widget-container\">\n\t\t\t\t\t<div class=\"elementor-text-editor elementor-clearfix\"><ul><li style=\"font-weight: 400;\"><strong><em>8 i 9 stycznia 2026 r.<\/em><\/strong>s\u0105 dniami wolnymi od zaj\u0119\u0107 dydaktyczno \u2013 wychowawczych\u00a0\u00a0\u00a0dla uczni\u00f3w<u>\u00a0technikum<\/u><\/li><li><strong><em>4, 5, 6, 7 maja 2026 r.<\/em><\/strong><em>\u00a0<\/em>s\u0105 dniami wolnymi od zaj\u0119\u0107 dydaktyczno \u2013 wychowawczych dla uczni\u00f3w\u00a0<u>liceum, technikum i bran\u017cowej szko\u0142y I stopnia<\/u><\/li><li><strong><em>2 i 3 czerwca 2026 r.<\/em><\/strong><em>\u00a0<\/em>s\u0105 dniami wolnymi\u00a0\u00a0od zaj\u0119\u0107 dydaktyczno \u2013 wychowawczych dla uczni\u00f3w<u>\u00a0technikum<\/u><\/li><li><strong><em>3 czerwca 2026 r.<\/em><\/strong><em>\u00a0\u00a0<\/em>jest dniem wolnym od zaj\u0119\u0107 dydaktyczno \u2013 wychowawczych dla uczni\u00f3w<u>\u00a0bran\u017cowej szko\u0142y I stopnia<\/u><\/li><li><strong><em>5 czerwca 2026 r.\u00a0<\/em><\/strong>jest dniem wolnym od zaj\u0119\u0107 dydaktyczno \u2013 wychowawczych dla uczni\u00f3w\u00a0<u>liceum, technikum i bran\u017cowej szko\u0142y I stopnia<\/u><\/li><\/ul><\/div>\n\t\t\t\t<\/div>\n\t\t\t\t<\/div>\n\t\t\t\t\t\t<\/div>\n\t\t\t\t\t<\/div>\n\t\t<\/div>\n\t\t\t\t\t\t\t\t<\/div>\n\t\t\t\t\t<\/div>\n\t\t<\/section>\n\t\t\t\t\t\t<\/div>\n\t\t\t\t\t\t<\/div>\n\t\t\t\t\t<\/div>\n\t\t","protected":false},"excerpt":{"rendered":"<p>8 i 9 stycznia 2026 r.s\u0105 dniami wolnymi od zaj\u0119\u0107 dydaktyczno \u2013 wychowawczych\u00a0\u00a0\u00a0dla uczni\u00f3w\u00a0technikum 4, 5, 6, 7 maja 2026 r.\u00a0s\u0105 dniami wolnymi od zaj\u0119\u0107 dydaktyczno \u2013 wychowawczych dla uczni\u00f3w\u00a0liceum, technikum i bran\u017cowej szko\u0142y I stopnia 2 i 3 czerwca 2026 r.\u00a0s\u0105 dniami wolnymi\u00a0\u00a0od zaj\u0119\u0107 dydaktyczno \u2013 wychowawczych dla uczni\u00f3w\u00a0technikum 3 czerwca 2026 r.\u00a0\u00a0jest dniem [&hellip;]<\/p>\n","protected":false},"author":6,"featured_media":0,"parent":0,"menu_order":0,"comment_status":"closed","ping_status":"closed","template":"","meta":[],"_links":{"self":[{"href":"https:\/\/www.staszickutno.pl\/szkola\/index.php?rest_route=\/wp\/v2\/pages\/15480"}],"collection":[{"href":"https:\/\/www.staszickutno.pl\/szkola\/index.php?rest_route=\/wp\/v2\/pages"}],"about":[{"href":"https:\/\/www.staszickutno.pl\/szkola\/index.php?rest_route=\/wp\/v2\/types\/page"}],"author":[{"embeddable":true,"href":"https:\/\/www.staszickutno.pl\/szkola\/index.php?rest_route=\/wp\/v2\/users\/6"}],"replies":[{"embeddable":true,"href":"https:\/\/www.staszickutno.pl\/szkola\/index.php?rest_route=%2Fwp%2Fv2%2Fcomments&post=15480"}],"version-history":[{"count":11,"href":"https:\/\/www.staszickutno.pl\/szkola\/index.php?rest_route=\/wp\/v2\/pages\/15480\/revisions"}],"predecessor-version":[{"id":17842,"href":"https:\/\/www.staszickutno.pl\/szkola\/index.php?rest_route=\/wp\/v2\/pages\/15480\/revisions\/17842"}],"wp:attachment":[{"href":"https:\/\/www.staszickutno.pl\/szkola\/index.php?rest_route=%2Fwp%2Fv2%2Fmedia&parent=15480"}],"curies":[{"name":"wp","href":"https:\/\/api.w.org\/{rel}","templated":true}]}}