{"id":2630,"date":"2018-09-24T15:23:26","date_gmt":"2018-09-24T15:23:26","guid":{"rendered":"http:\/\/www.zs1.nstrefa.pl\/szkola\/?page_id=2630"},"modified":"2025-01-20T19:01:28","modified_gmt":"2025-01-20T18:01:28","slug":"start","status":"publish","type":"page","link":"https:\/\/www.staszickutno.pl\/szkola\/?page_id=2630","title":{"rendered":"Kontakt"},"content":{"rendered":"\t\t<div data-elementor-type=\"wp-post\" data-elementor-id=\"2630\" class=\"elementor elementor-2630\" data-elementor-settings=\"[]\">\n\t\t\t\t\t\t<div class=\"elementor-inner\">\n\t\t\t\t\t\t\t<div class=\"elementor-section-wrap\">\n\t\t\t\t\t\t\t<section class=\"elementor-section elementor-top-section elementor-element elementor-element-9f554e0 elementor-section-boxed elementor-section-height-default elementor-section-height-default\" data-id=\"9f554e0\" data-element_type=\"section\">\n\t\t\t\t\t\t<div class=\"elementor-container elementor-column-gap-default\">\n\t\t\t\t\t\t\t<div class=\"elementor-row\">\n\t\t\t\t\t<div class=\"elementor-column elementor-col-100 elementor-top-column elementor-element elementor-element-3823291\" data-id=\"3823291\" data-element_type=\"column\">\n\t\t\t<div class=\"elementor-column-wrap elementor-element-populated\">\n\t\t\t\t\t\t\t<div class=\"elementor-widget-wrap\">\n\t\t\t\t\t\t<div class=\"elementor-element elementor-element-4edbd5b elementor-invisible elementor-widget elementor-widget-text-editor\" data-id=\"4edbd5b\" data-element_type=\"widget\" data-settings=\"{&quot;_animation&quot;:&quot;zoomIn&quot;}\" data-widget_type=\"text-editor.default\">\n\t\t\t\t<div class=\"elementor-widget-container\">\n\t\t\t\t\t<div class=\"elementor-text-editor elementor-clearfix\"><p style=\"text-align: center;\">Zesp\u00f3\u0142 Szk\u00f3\u0142 Nr 1 <br \/>im. Stanis\u0142awa Staszica w Kutnie<br \/>ul. Oporowska 7<br \/>99-300 Kutno<\/p><\/div>\n\t\t\t\t<\/div>\n\t\t\t\t<\/div>\n\t\t\t\t<section class=\"elementor-section elementor-inner-section elementor-element elementor-element-391a79b elementor-section-full_width elementor-section-height-default elementor-section-height-default\" data-id=\"391a79b\" data-element_type=\"section\">\n\t\t\t\t\t\t<div class=\"elementor-container elementor-column-gap-default\">\n\t\t\t\t\t\t\t<div class=\"elementor-row\">\n\t\t\t\t\t<div class=\"elementor-column elementor-col-100 elementor-inner-column elementor-element elementor-element-142d30e\" data-id=\"142d30e\" data-element_type=\"column\">\n\t\t\t<div class=\"elementor-column-wrap elementor-element-populated\">\n\t\t\t\t\t\t\t<div class=\"elementor-widget-wrap\">\n\t\t\t\t\t\t<div class=\"elementor-element elementor-element-b4475de elementor-invisible elementor-widget elementor-widget-text-editor\" data-id=\"b4475de\" data-element_type=\"widget\" data-settings=\"{&quot;_animation&quot;:&quot;zoomIn&quot;}\" data-widget_type=\"text-editor.default\">\n\t\t\t\t<div class=\"elementor-widget-container\">\n\t\t\t\t\t<div class=\"elementor-text-editor elementor-clearfix\"><p>Tel.:\u00a0 \u00a0 (+48) 24 254 23 97<\/p><\/div>\n\t\t\t\t<\/div>\n\t\t\t\t<\/div>\n\t\t\t\t<div class=\"elementor-element elementor-element-12273b2 elementor-invisible elementor-widget elementor-widget-text-editor\" data-id=\"12273b2\" data-element_type=\"widget\" data-settings=\"{&quot;_animation&quot;:&quot;zoomIn&quot;}\" data-widget_type=\"text-editor.default\">\n\t\t\t\t<div class=\"elementor-widget-container\">\n\t\t\t\t\t<div class=\"elementor-text-editor elementor-clearfix\"><p>E-mail: zs1_kutno@interia.pl<\/p><p>Adres do e-Dor\u0119cze\u0144:\u00a0\u00a0<b>AE:PL-65539-69550-HWSRR-25<\/b><\/p><p>\u00a0<\/p><\/div>\n\t\t\t\t<\/div>\n\t\t\t\t<\/div>\n\t\t\t\t\t\t<\/div>\n\t\t\t\t\t<\/div>\n\t\t<\/div>\n\t\t\t\t\t\t\t\t<\/div>\n\t\t\t\t\t<\/div>\n\t\t<\/section>\n\t\t\t\t<section class=\"elementor-section elementor-inner-section elementor-element elementor-element-153a08b elementor-section-full_width elementor-section-height-default elementor-section-height-default\" data-id=\"153a08b\" data-element_type=\"section\">\n\t\t\t\t\t\t<div class=\"elementor-container elementor-column-gap-default\">\n\t\t\t\t\t\t\t<div class=\"elementor-row\">\n\t\t\t\t\t<div class=\"elementor-column elementor-col-100 elementor-inner-column elementor-element elementor-element-9bfd0e1\" data-id=\"9bfd0e1\" data-element_type=\"column\">\n\t\t\t<div class=\"elementor-column-wrap elementor-element-populated\">\n\t\t\t\t\t\t\t<div class=\"elementor-widget-wrap\">\n\t\t\t\t\t\t<div class=\"elementor-element elementor-element-e148a0c elementor-invisible elementor-widget elementor-widget-text-editor\" data-id=\"e148a0c\" data-element_type=\"widget\" data-settings=\"{&quot;_animation&quot;:&quot;zoomIn&quot;}\" data-widget_type=\"text-editor.default\">\n\t\t\t\t<div class=\"elementor-widget-container\">\n\t\t\t\t\t<div class=\"elementor-text-editor elementor-clearfix\"><p>Sekretariat szko\u0142y jest czynny od poniedzia\u0142ku do pi\u0105tku w godz. 7<sup>30<\/sup>-15<sup>30<\/sup><\/p><\/div>\n\t\t\t\t<\/div>\n\t\t\t\t<\/div>\n\t\t\t\t<div class=\"elementor-element elementor-element-9f5f36d elementor-invisible elementor-widget elementor-widget-text-editor\" data-id=\"9f5f36d\" data-element_type=\"widget\" data-settings=\"{&quot;_animation&quot;:&quot;zoomIn&quot;}\" data-widget_type=\"text-editor.default\">\n\t\t\t\t<div class=\"elementor-widget-container\">\n\t\t\t\t\t<div class=\"elementor-text-editor elementor-clearfix\"><p>Ksi\u0119gowo\u015b\u0107 &#8211; tel.:\u00a0 \u00a0 (+48) 24 254 29 70<\/p><\/div>\n\t\t\t\t<\/div>\n\t\t\t\t<\/div>\n\t\t\t\t<div class=\"elementor-element elementor-element-5eb8675 elementor-invisible elementor-widget elementor-widget-text-editor\" data-id=\"5eb8675\" data-element_type=\"widget\" data-settings=\"{&quot;_animation&quot;:&quot;zoomIn&quot;}\" data-widget_type=\"text-editor.default\">\n\t\t\t\t<div class=\"elementor-widget-container\">\n\t\t\t\t\t<div class=\"elementor-text-editor elementor-clearfix\"><p>Kadry\/kierownik gospodarczy &#8211; tel.:\u00a0 \u00a0 (+48) 24 254 23 98<\/p><\/div>\n\t\t\t\t<\/div>\n\t\t\t\t<\/div>\n\t\t\t\t<div class=\"elementor-element elementor-element-c044136 elementor-invisible elementor-widget elementor-widget-text-editor\" data-id=\"c044136\" data-element_type=\"widget\" data-settings=\"{&quot;_animation&quot;:&quot;zoomIn&quot;}\" data-widget_type=\"text-editor.default\">\n\t\t\t\t<div class=\"elementor-widget-container\">\n\t\t\t\t\t<div class=\"elementor-text-editor elementor-clearfix\"><p>Warsztaty Szkolne ZS Nr 1 w Kutnie &#8211; tel.:\u00a0 \u00a0 (+48) 24 254 26 12<\/p><\/div>\n\t\t\t\t<\/div>\n\t\t\t\t<\/div>\n\t\t\t\t\t\t<\/div>\n\t\t\t\t\t<\/div>\n\t\t<\/div>\n\t\t\t\t\t\t\t\t<\/div>\n\t\t\t\t\t<\/div>\n\t\t<\/section>\n\t\t\t\t\t\t<\/div>\n\t\t\t\t\t<\/div>\n\t\t<\/div>\n\t\t\t\t\t\t\t\t<\/div>\n\t\t\t\t\t<\/div>\n\t\t<\/section>\n\t\t\t\t<section class=\"elementor-section elementor-top-section elementor-element elementor-element-f1f92ff elementor-section-full_width elementor-section-height-default elementor-section-height-default\" data-id=\"f1f92ff\" data-element_type=\"section\">\n\t\t\t\t\t\t<div class=\"elementor-container elementor-column-gap-default\">\n\t\t\t\t\t\t\t<div class=\"elementor-row\">\n\t\t\t\t\t<div class=\"elementor-column elementor-col-100 elementor-top-column elementor-element elementor-element-5f1bd8b\" data-id=\"5f1bd8b\" data-element_type=\"column\">\n\t\t\t<div class=\"elementor-column-wrap elementor-element-populated\">\n\t\t\t\t\t\t\t<div class=\"elementor-widget-wrap\">\n\t\t\t\t\t\t<div class=\"elementor-element elementor-element-f17fe6f elementor-widget elementor-widget-text-editor\" data-id=\"f17fe6f\" data-element_type=\"widget\" data-widget_type=\"text-editor.default\">\n\t\t\t\t<div class=\"elementor-widget-container\">\n\t\t\t\t\t<div class=\"elementor-text-editor elementor-clearfix\"><\/div>\n\t\t\t\t<\/div>\n\t\t\t\t<\/div>\n\t\t\t\t\t\t<\/div>\n\t\t\t\t\t<\/div>\n\t\t<\/div>\n\t\t\t\t\t\t\t\t<\/div>\n\t\t\t\t\t<\/div>\n\t\t<\/section>\n\t\t\t\t<section class=\"elementor-section elementor-top-section elementor-element elementor-element-a900bef elementor-section-boxed elementor-section-height-default elementor-section-height-default\" data-id=\"a900bef\" data-element_type=\"section\">\n\t\t\t\t\t\t<div class=\"elementor-container elementor-column-gap-default\">\n\t\t\t\t\t\t\t<div class=\"elementor-row\">\n\t\t\t\t\t<div class=\"elementor-column elementor-col-100 elementor-top-column elementor-element elementor-element-e438ed1\" data-id=\"e438ed1\" data-element_type=\"column\">\n\t\t\t<div class=\"elementor-column-wrap elementor-element-populated\">\n\t\t\t\t\t\t\t<div class=\"elementor-widget-wrap\">\n\t\t\t\t\t\t<div class=\"elementor-element elementor-element-eb0f04a elementor-widget elementor-widget-google_maps\" data-id=\"eb0f04a\" data-element_type=\"widget\" data-widget_type=\"google_maps.default\">\n\t\t\t\t<div class=\"elementor-widget-container\">\n\t\t\t<div class=\"elementor-custom-embed\"><iframe frameborder=\"0\" scrolling=\"no\" marginheight=\"0\" marginwidth=\"0\" src=\"https:\/\/maps.google.com\/maps?q=kutno%2C%20oporowska%207&amp;t=m&amp;z=15&amp;output=embed&amp;iwloc=near\" title=\"kutno, oporowska 7\" aria-label=\"kutno, oporowska 7\"><\/iframe><\/div>\t\t<\/div>\n\t\t\t\t<\/div>\n\t\t\t\t\t\t<\/div>\n\t\t\t\t\t<\/div>\n\t\t<\/div>\n\t\t\t\t\t\t\t\t<\/div>\n\t\t\t\t\t<\/div>\n\t\t<\/section>\n\t\t\t\t<section class=\"elementor-section elementor-top-section elementor-element elementor-element-43895a7 elementor-section-full_width elementor-section-height-min-height elementor-section-height-default elementor-section-items-middle\" data-id=\"43895a7\" data-element_type=\"section\">\n\t\t\t\t\t\t<div class=\"elementor-container elementor-column-gap-extended\">\n\t\t\t\t\t\t\t<div class=\"elementor-row\">\n\t\t\t\t\t<div class=\"elementor-column elementor-col-100 elementor-top-column elementor-element elementor-element-e5305c5\" data-id=\"e5305c5\" data-element_type=\"column\">\n\t\t\t<div class=\"elementor-column-wrap elementor-element-populated\">\n\t\t\t\t\t\t\t<div class=\"elementor-widget-wrap\">\n\t\t\t\t\t\t<div class=\"elementor-element elementor-element-df6a7a7 elementor-widget elementor-widget-text-editor\" data-id=\"df6a7a7\" data-element_type=\"widget\" data-widget_type=\"text-editor.default\">\n\t\t\t\t<div class=\"elementor-widget-container\">\n\t\t\t\t\t<div class=\"elementor-text-editor elementor-clearfix\"><\/div>\n\t\t\t\t<\/div>\n\t\t\t\t<\/div>\n\t\t\t\t\t\t<\/div>\n\t\t\t\t\t<\/div>\n\t\t<\/div>\n\t\t\t\t\t\t\t\t<\/div>\n\t\t\t\t\t<\/div>\n\t\t<\/section>\n\t\t\t\t\t\t<\/div>\n\t\t\t\t\t\t<\/div>\n\t\t\t\t\t<\/div>\n\t\t","protected":false},"excerpt":{"rendered":"<p>Zesp\u00f3\u0142 Szk\u00f3\u0142 Nr 1 im. Stanis\u0142awa Staszica w Kutnieul. Oporowska 799-300 Kutno Tel.:\u00a0 \u00a0 (+48) 24 254 23 97 E-mail: zs1_kutno@interia.pl Adres do e-Dor\u0119cze\u0144:\u00a0\u00a0AE:PL-65539-69550-HWSRR-25 \u00a0 Sekretariat szko\u0142y jest czynny od poniedzia\u0142ku do pi\u0105tku w godz. 730-1530 Ksi\u0119gowo\u015b\u0107 &#8211; tel.:\u00a0 \u00a0 (+48) 24 254 29 70 Kadry\/kierownik gospodarczy &#8211; tel.:\u00a0 \u00a0 (+48) 24 254 23 98 [&hellip;]<\/p>\n","protected":false},"author":1,"featured_media":0,"parent":0,"menu_order":0,"comment_status":"closed","ping_status":"closed","template":"elementor_header_footer","meta":[],"_links":{"self":[{"href":"https:\/\/www.staszickutno.pl\/szkola\/index.php?rest_route=\/wp\/v2\/pages\/2630"}],"collection":[{"href":"https:\/\/www.staszickutno.pl\/szkola\/index.php?rest_route=\/wp\/v2\/pages"}],"about":[{"href":"https:\/\/www.staszickutno.pl\/szkola\/index.php?rest_route=\/wp\/v2\/types\/page"}],"author":[{"embeddable":true,"href":"https:\/\/www.staszickutno.pl\/szkola\/index.php?rest_route=\/wp\/v2\/users\/1"}],"replies":[{"embeddable":true,"href":"https:\/\/www.staszickutno.pl\/szkola\/index.php?rest_route=%2Fwp%2Fv2%2Fcomments&post=2630"}],"version-history":[{"count":29,"href":"https:\/\/www.staszickutno.pl\/szkola\/index.php?rest_route=\/wp\/v2\/pages\/2630\/revisions"}],"predecessor-version":[{"id":16579,"href":"https:\/\/www.staszickutno.pl\/szkola\/index.php?rest_route=\/wp\/v2\/pages\/2630\/revisions\/16579"}],"wp:attachment":[{"href":"https:\/\/www.staszickutno.pl\/szkola\/index.php?rest_route=%2Fwp%2Fv2%2Fmedia&parent=2630"}],"curies":[{"name":"wp","href":"https:\/\/api.w.org\/{rel}","templated":true}]}}