{"id":3538,"date":"2018-10-26T07:06:02","date_gmt":"2018-10-26T07:06:02","guid":{"rendered":"http:\/\/www.zs1.nstrefa.pl\/szkola\/?page_id=3538"},"modified":"2018-10-26T08:07:28","modified_gmt":"2018-10-26T07:07:28","slug":"zawodowcy-na-start","status":"publish","type":"page","link":"https:\/\/www.staszickutno.pl\/szkola\/?page_id=3538","title":{"rendered":"ZAWODOWCY NA START"},"content":{"rendered":"\t\t<div data-elementor-type=\"wp-post\" data-elementor-id=\"3538\" class=\"elementor elementor-3538 elementor-bc-flex-widget\" data-elementor-settings=\"[]\">\n\t\t\t\t\t\t<div class=\"elementor-inner\">\n\t\t\t\t\t\t\t<div class=\"elementor-section-wrap\">\n\t\t\t\t\t\t\t<section class=\"elementor-section elementor-top-section elementor-element elementor-element-466b2cbe elementor-section-boxed elementor-section-height-default elementor-section-height-default\" data-id=\"466b2cbe\" data-element_type=\"section\">\n\t\t\t\t\t\t<div class=\"elementor-container elementor-column-gap-default\">\n\t\t\t\t\t\t\t<div class=\"elementor-row\">\n\t\t\t\t\t<div class=\"elementor-column elementor-col-100 elementor-top-column elementor-element elementor-element-1861ceda\" data-id=\"1861ceda\" data-element_type=\"column\">\n\t\t\t<div class=\"elementor-column-wrap elementor-element-populated\">\n\t\t\t\t\t\t\t<div class=\"elementor-widget-wrap\">\n\t\t\t\t\t\t<div class=\"elementor-element elementor-element-5bc50107 elementor-invisible elementor-widget elementor-widget-text-editor\" data-id=\"5bc50107\" data-element_type=\"widget\" data-settings=\"{&quot;_animation&quot;:&quot;zoomIn&quot;}\" data-widget_type=\"text-editor.default\">\n\t\t\t\t<div class=\"elementor-widget-container\">\n\t\t\t\t\t<div class=\"elementor-text-editor elementor-clearfix\"><p>\u00a0<\/p><p dir=\"rtl\" style=\"text-align: center;\"><img loading=\"lazy\" class=\"aligncenter size-full wp-image-3453\" src=\"http:\/\/www.zs1.nstrefa.pl\/szkola\/wp-content\/uploads\/2018\/10\/fundusze.jpg\" alt=\"\" width=\"645\" height=\"84\" srcset=\"https:\/\/www.staszickutno.pl\/szkola\/wp-content\/uploads\/2018\/10\/fundusze.jpg 645w, https:\/\/www.staszickutno.pl\/szkola\/wp-content\/uploads\/2018\/10\/fundusze-150x20.jpg 150w, https:\/\/www.staszickutno.pl\/szkola\/wp-content\/uploads\/2018\/10\/fundusze-300x39.jpg 300w, https:\/\/www.staszickutno.pl\/szkola\/wp-content\/uploads\/2018\/10\/fundusze-640x84.jpg 640w\" sizes=\"(max-width: 645px) 100vw, 645px\" \/><\/p><h1 style=\"text-align: center;\"><span style=\"color: #1d4ec1;\"><strong>Projekt \u201eZawodowcy na start\u201d<\/strong><\/span><\/h1><h4 style=\"text-align: center;\">wsp\u00f3\u0142finansowany przez Uni\u0119 Europejsk\u0105 ze \u015brodk\u00f3w Europejskiego Funduszu Spo\u0142ecznego<br \/>w ramach Regionalnego Programu Operacyjnego Wojew\u00f3dztwa \u0141\u00f3dzkiego na lata 2014-2020<\/h4><hr \/><p style=\"text-align: center;\"><strong>O\u015b priorytetowa: XI Edukacja Kwalifikacje Umiej\u0119tno\u015bci<\/strong><br \/><strong>Dzia\u0142anie: XI.3 Kszta\u0142cenie zawodowe<\/strong><br \/><strong>Okres realizacji: 01.10.2016 \u2013 30.09.2018<\/strong><br \/><strong>Bud\u017cet projektu: 1 938 368,64 PLN<\/strong><br \/><strong>Dofinansowanie z EFS \u2013 1 647 613,34 z\u0142<\/strong><\/p><hr \/><p>Celem g\u0142\u00f3wnym projektu jest podniesienie zdolno\u015bci do zatrudnienia 200 uczni\u00f3w\/uczennic na kierunkach technik elektronik oraz technik informatyk z ZS1 w Kutnie.<br \/>W ramach projektu przewiduje si\u0119:<\/p><ul><li>\u00a0Organizacj\u0119 zaj\u0119\u0107 dodatkowych z zakresu Innowacyjne metody monta\u017cu i reworku modu\u0142\u00f3w elektronicznych stosowanych we wsp\u00f3\u0142czesnych produktach ICT \u2013 szkolenie z zakresu IPC<\/li><li>Organizacj\u0119 p\u0142atnych sta\u017cy zawodowych dla 100 uczni\u00f3w\/uczennic z zakresu kszta\u0142cenia elektronicznego oraz dla 100 uczni\u00f3w z zakresu kszta\u0142cenia informatycznego.<\/li><li>Organizacj\u0119 zaj\u0119\u0107 dodatkowych z zakresu CISCO \u2013 Sie\u0107 LAN iPv4 i iPv6.<\/li><li>Organizacj\u0119 wyjazdu naukowego do Centrum Technologicznego.<\/li><li>Utworzenie klasy patronackiej na kierunku elektronik.<\/li><li>Wyposa\u017cenie szko\u0142y w nowoczesny sprz\u0119t do pracowni elektronicznej i informatycznej<\/li><\/ul><hr \/><p>Rekrutacja do projektu:<\/p><p><span style=\"font-size: 12pt;\"><strong>Rekrutacja do projektu na rok szkolny 2017\/2018<\/strong><\/span><\/p><p style=\"margin-left: 60px;\"><strong><a href=\"http:\/\/www.zs1.nstrefa.pl\/szkola\/wp-content\/uploads\/2016\/11\/Regulamin-rekrutacja-dodatkowa.pdf\">Regulamin rekrutacji dodatkowej<br \/><\/a><a href=\"http:\/\/www.zs1.nstrefa.pl\/szkola\/wp-content\/uploads\/2016\/11\/Rekrutacja_Zawodowcy_na_start.zip\">Za\u0142\u0105czniki<\/a><br \/><\/strong><strong><a href=\"http:\/\/www.zs1.nstrefa.pl\/szkola\/wp-content\/uploads\/2016\/11\/Regulamin-sta%C5%BCy-zawodowych-2018.PDF\">Regulamin sta\u017cy zawodowych<\/a><\/strong><br \/><strong><a href=\"http:\/\/www.zs1.nstrefa.pl\/szkola\/wp-content\/uploads\/2016\/11\/Harmonogram-wsparcia-Sta%C5%BC-zawodowy.PDF\">Harmonogram wsparcia &#8211; sta\u017c zawodowy<\/a><br \/><\/strong><strong><a href=\"http:\/\/www.zs1.nstrefa.pl\/szkola\/wp-content\/uploads\/2016\/11\/Regulamin-rekrutacji.pdf\">Regulamin rekrutacji<\/a><br \/><a href=\"http:\/\/www.zs1.nstrefa.pl\/szkola\/wp-content\/uploads\/2016\/11\/Za%C5%82-1-Formularz-rekrutacyjny.docx\">Formularz rekrutacyjny<\/a><br \/><a href=\"http:\/\/www.zs1.nstrefa.pl\/szkola\/wp-content\/uploads\/2016\/11\/Za%C5%82-2-Karta-rekomendacji-wychowawcy.docx\">Karta rekomendacji wychowawcy<\/a><br \/><a href=\"http:\/\/www.zs1.nstrefa.pl\/szkola\/wp-content\/uploads\/2016\/11\/Za%C5%82-3-Karta-oceny-formularza.docx\">Karta oceny formularza<\/a><br \/><a href=\"http:\/\/www.zs1.nstrefa.pl\/szkola\/wp-content\/uploads\/2016\/11\/Za%C5%82-4-Deklaracja-uczestnictwa.docx\">Deklaracja uczestnictwa<\/a><br \/><a href=\"http:\/\/www.zs1.nstrefa.pl\/szkola\/wp-content\/uploads\/2016\/11\/Za%C5%82-5-O%C5%9Bwiaczenie-Uczestnika-Projektu.docx\">O\u015bwiadczenie uczestnika projektu<\/a><br \/><a href=\"http:\/\/www.zs1.nstrefa.pl\/szkola\/wp-content\/uploads\/2016\/11\/Za%C5%82-7-Przekazanie-praw-do-wizerunku.doc\">Przekazanie praw do wizerunku<\/a><br \/><a href=\"http:\/\/www.zs1.nstrefa.pl\/szkola\/wp-content\/uploads\/2016\/11\/Za%C5%82-8-O%C5%9Bwiadczenie-Rodzica_Opiekuna.doc\">O\u015bwiadczenie rodzica\/opiekuna<\/a><br \/><a href=\"http:\/\/www.zs1.nstrefa.pl\/szkola\/wp-content\/uploads\/2016\/11\/Za%C5%82-9-Zgoda-na-przetwarzanie-danych.doc\">Zgoda \u00a0na przetwarzanie danych osobowych<\/a><br \/><a href=\"http:\/\/www.zs1.nstrefa.pl\/szkola\/wp-content\/uploads\/2016\/11\/Za%C5%82-10-Deklaracja-uczestnictwa-w-sta%C5%BCu.doc\">Deklaracja uczestnictwa w sta\u017cu<\/a><br \/><\/strong><\/p><p style=\"margin-left: 60px;\">&#8211; <strong><a href=\"http:\/\/www.zs1.nstrefa.pl\/szkola\/wp-content\/uploads\/2016\/11\/Informacja-o-Rekrutacji_2017.pdf\">Informacja o rekrutacji do projektu \u201eZawodowcy na start&#8221;<\/a><br \/><\/strong><strong><a href=\"http:\/\/www.zs1.nstrefa.pl\/szkola\/wp-content\/uploads\/2016\/11\/Harmonogram-wsparcia-1.06.pdf\">\u00a0Harmonogram organizacji zaj\u0119\u0107 w roku szkolnym 2017\/2018<\/a><\/strong><\/p><p style=\"margin-left: 60px;\"><span style=\"font-size: 12pt;\"><strong>Rekrutacja do projektu na rok szkolny 2016\/2017<\/strong><\/span><\/p><p style=\"margin-left: 60px;\"><strong><a href=\"http:\/\/www.zs1.nstrefa.pl\/szkola\/wp-content\/uploads\/2016\/11\/Regulamin-rekrutacja-2016_2017.pdf\">Regulamin rekrutacji <\/a><\/strong><br \/><strong><a href=\"http:\/\/www.zs1.nstrefa.pl\/szkola\/wp-content\/uploads\/2016\/11\/za%C5%82%C4%85cznik-nr-1-Deklaracja-uczestnictwa-w-projekcie.doc\">Deklaracja uczestnictwa w projekcie pn. \u201eZawodowcy na start\u201d<\/a><\/strong><br \/><strong><a href=\"http:\/\/www.zs1.nstrefa.pl\/szkola\/wp-content\/uploads\/2016\/11\/Za%C5%82%C4%85cznik-nr-2-O%C5%9Bwiaczenie-Uczestnika-Projektu.doc\">O\u015bwiadczenie uczestnika Projektu<\/a><\/strong><br \/><strong><a href=\"http:\/\/www.zs1.nstrefa.pl\/szkola\/wp-content\/uploads\/2016\/11\/za%C5%82%C4%85cznik-nr-3-O%C5%9Bwiadczenie-rodzic%C3%B3w-o-wyra%C5%BCeniu-zgody-na_wyjazd-do-Centrum-Technologicznego.doc\">O\u015bwiadczenie rodzic\u00f3w\/opiekun\u00f3w prawnych o wyra\u017ceniu zgody na wyjazd do Centrum Technologicznego<\/a><\/strong><br \/><strong><a href=\"http:\/\/www.zs1.nstrefa.pl\/szkola\/wp-content\/uploads\/2016\/11\/Za%C5%82%C4%85cznik-nr-4-Przekazanie-praw-do-wizerunku.doc\">Przekazanie praw do wizerunku<\/a><\/strong><br \/><strong><a href=\"http:\/\/www.zs1.nstrefa.pl\/szkola\/wp-content\/uploads\/2016\/11\/Za%C5%82%C4%85cznik-nr-5-O%C5%9Bwiadczenie-Rodzica_Opiekuna.doc\">O\u015bwiadczenie rodzic\u00f3w\/opiekuna prawnego przekazania praw wizerunku<\/a><\/strong><br \/><strong><a href=\"http:\/\/www.zs1.nstrefa.pl\/szkola\/wp-content\/uploads\/2016\/11\/Za%C5%82%C4%85cznik-nr-6-Zgoda-na-przetwarzanie-danych-osobowych.doc\">O\u015bwiadczenie uczestnika Projektu o wyra\u017ceniu zgody na przetwarzanie danych osobowych<\/a><\/strong><br \/><strong><a href=\"http:\/\/www.zs1.nstrefa.pl\/szkola\/wp-content\/uploads\/2016\/11\/Za%C5%82%C4%85cznik-nr-7-Zobowi%C4%85zanie.doc\">Zobowi\u0105zanie uczestnika projektu<\/a><\/strong><br \/><strong><a href=\"http:\/\/www.zs1.nstrefa.pl\/szkola\/wp-content\/uploads\/2016\/11\/Za%C5%82%C4%85cznik-nr-8-Rekomendacja-wychowawcy.doc\">Rekomendacja wychowawcy na potrzeb\u0119 doskonalenia okre\u015blonego zakresu wiadomo\u015bci, umiej\u0119tno\u015bci, zaj\u0119\u0107 praktycznych, specjalistycznych, spe\u0142nienie kryterium punktowego rekrutacji <\/a><\/strong><br \/><strong><a href=\"http:\/\/www.zs1.nstrefa.pl\/szkola\/wp-content\/uploads\/2016\/11\/Za%C5%82%C4%85cznik-nr-9-Dane-uczestnika-indywidualnego.doc\">Dane uczestnika indywidualnego<\/a><\/strong><br \/><strong><a href=\"http:\/\/www.zs1.nstrefa.pl\/szkola\/wp-content\/uploads\/2016\/11\/Za%C5%82-10-Deklaracja-uczestnictwa-w-sta%C5%BCu.doc\">Deklaracja uczestnictwa w sta\u017cu zawodowym<\/a><\/strong><br \/><strong><a href=\"http:\/\/www.zs1.nstrefa.pl\/szkola\/wp-content\/uploads\/2016\/11\/Informacja-o-Rekrutacji_2016.pdf\">Informacja o rekrutacji do projektu \u201eZawodowcy na start\u201d<\/a><\/strong><\/p><p style=\"margin-left: 30px;\">&#8211;\u00a0<strong><a href=\"http:\/\/www.zs1.nstrefa.pl\/szkola\/wp-content\/uploads\/2016\/11\/regulamin_nauczyciele.pdf\">Regulamin wsparcia dla nauczycieli<\/a><\/strong><\/p><hr \/><p><span style=\"text-decoration: underline;\"><strong>STA\u017bE ZAWODOWE<\/strong><\/span><\/p><p><strong><a href=\"http:\/\/www.zs1.nstrefa.pl\/szkola\/wp-content\/uploads\/2016\/09\/regulamin.pdf\">Regulamin sta\u017cy zawodowych<br \/><\/a><a href=\"http:\/\/www.zs1.nstrefa.pl\/szkola\/wp-content\/uploads\/2016\/11\/wniosek-o-stypendium.docx\">Wz\u00f3r wniosku o stypendium sta\u017cowe<\/a><br \/><\/strong><\/p><hr \/><p><strong><a href=\"http:\/\/www.zs1.nstrefa.pl\/szkola\/wp-content\/uploads\/2016\/11\/Harmonogram1.pdf\">Harmonogram wsparcia w ramach projektu &#8222;Zawodowcy na start&#8221; na rok szkolny 2016\/2017<\/a><br \/><\/strong><strong><a href=\"http:\/\/www.zs1.nstrefa.pl\/szkola\/wp-content\/uploads\/2016\/11\/Harmonogram-wsparcia-20.09.pdf\">Harmonogram wsparcia w ramach projektu &#8222;Zawodowcy na start&#8221; na rok szkolny 2017\/2018<\/a><br \/><\/strong><a href=\"http:\/\/www.zs1.nstrefa.pl\/szkola\/wp-content\/uploads\/2016\/11\/Harmonogram.pdf\"><strong>Harmonogram wsparcia w ramach projektu &#8222;Zawodowcy na start&#8221; na rok szkolny 2017\/2018\u00a0&#8211; szkolenia zawodowe<\/strong><\/a><\/p><hr \/><p><strong>ZAPYTANIA OFERTOWE:<\/strong><\/p><p>1\/ZNS\/ZS1\/2017<br \/>Zesp\u00f3\u0142 Szk\u00f3\u0142 Nr 1 w Kutnie zaprasza do przedstawienia oferty na realizacj\u0119 zam\u00f3wienia polegaj\u0105cego na przeprowadzeniu szkolenia wst\u0119pnego w dziedzinie bezpiecze\u0144stwa i higieny pracy &#8222;instrukta\u017c og\u00f3lny dla 200 uczni\u00f3w\/uczennic Zespo\u0142u Szk\u00f3\u0142 nr 1 im. Stanis\u0142awa Staszica w Kutnie uczestnik\u00f3w\/czek projektu pt. &#8222;Zawodowcy na start&#8221; nr Projektu RPLD.11.03.01-10-0002\/15.<\/p><p><strong><a href=\"http:\/\/www.zs1.nstrefa.pl\/szkola\/wp-content\/uploads\/2016\/11\/zapytanie-ofertowe-szkolenie-bhp.pdf\">Zapytanie ofertowe<\/a><br \/><\/strong><strong><a href=\"http:\/\/www.zs1.nstrefa.pl\/szkola\/wp-content\/uploads\/2016\/11\/wz%C3%B3r-umowy.docx\">Wz\u00f3r umowy<\/a><br \/><\/strong><strong><a href=\"http:\/\/www.zs1.nstrefa.pl\/szkola\/wp-content\/uploads\/2016\/11\/Zawiadomienie_o_wyborze_ofert_BHP.pdf\">Zawiadomienie o wyborze wykonawcy dla zapytania ofertowego nr 1\/ZNS\/ZS1\/2017<\/a><\/strong><\/p><hr \/><p><strong>ZAPYTANIA OFERTOWE:<\/strong><\/p><p>2\/ZNS\/ZS1\/2017<br \/>Zesp\u00f3\u0142 Szk\u00f3\u0142 Nr 1 w Kutnie zaprasza do przedstawienia oferty na realizacj\u0119 zam\u00f3wienia polegaj\u0105cego na przeprowadzeniu profilaktycznych bada\u0144 lekarskich i wydaniu orzecze\u0144 lekarskich stwierdzaj\u0105cych brak przeciwskaza\u0144 zdrowotnych do odbycia 150 godzinnego sta\u017cu zawodowego w bran\u017cy elektronicznej\/informatycznej dla 200 uczni\u00f3w\/uczennic Zespo\u0142u Szk\u00f3\u0142 nr 1 im. Stanis\u0142awa Staszica w Kutnie, uczestnik\u00f3w\/czek projektu pt. &#8222;Zawodowcy na start&#8221; nr Projektu RPLD.11.03.01-10-0002\/15<\/p><p><strong><a href=\"http:\/\/www.zs1.nstrefa.pl\/szkola\/wp-content\/uploads\/2016\/11\/zapytanie-ofertowe-badania-lekarskie.pdf\">Zapytanie ofertowe<\/a><br \/><\/strong><strong><a href=\"http:\/\/www.zs1.nstrefa.pl\/szkola\/wp-content\/uploads\/2016\/11\/wz%C3%B3r-umowy.docx\">Wz\u00f3r umowy<\/a><br \/><\/strong><strong><a href=\"http:\/\/www.zs1.nstrefa.pl\/szkola\/wp-content\/uploads\/2016\/11\/Zawiadomnienie_o_wyborze_ofert_Badania_lekarskie.pdf\">Zawiadomienie o wyborze wykonawcy dla zapytania ofertowego nr 2\/ZNS\/ZS1\/2017<\/a><\/strong><\/p><hr \/><p>\u00a0<\/p><\/div>\n\t\t\t\t<\/div>\n\t\t\t\t<\/div>\n\t\t\t\t\t\t<\/div>\n\t\t\t\t\t<\/div>\n\t\t<\/div>\n\t\t\t\t\t\t\t\t<\/div>\n\t\t\t\t\t<\/div>\n\t\t<\/section>\n\t\t\t\t\t\t<\/div>\n\t\t\t\t\t\t<\/div>\n\t\t\t\t\t<\/div>\n\t\t","protected":false},"excerpt":{"rendered":"<p>\u00a0 Projekt \u201eZawodowcy na start\u201d wsp\u00f3\u0142finansowany przez Uni\u0119 Europejsk\u0105 ze \u015brodk\u00f3w Europejskiego Funduszu Spo\u0142ecznegow ramach Regionalnego Programu Operacyjnego Wojew\u00f3dztwa \u0141\u00f3dzkiego na lata 2014-2020 O\u015b priorytetowa: XI Edukacja Kwalifikacje Umiej\u0119tno\u015bciDzia\u0142anie: XI.3 Kszta\u0142cenie zawodoweOkres realizacji: 01.10.2016 \u2013 30.09.2018Bud\u017cet projektu: 1 938 368,64 PLNDofinansowanie z EFS \u2013 1 647 613,34 z\u0142 Celem g\u0142\u00f3wnym projektu jest podniesienie zdolno\u015bci do [&hellip;]<\/p>\n","protected":false},"author":1,"featured_media":0,"parent":0,"menu_order":0,"comment_status":"closed","ping_status":"closed","template":"","meta":[],"_links":{"self":[{"href":"https:\/\/www.staszickutno.pl\/szkola\/index.php?rest_route=\/wp\/v2\/pages\/3538"}],"collection":[{"href":"https:\/\/www.staszickutno.pl\/szkola\/index.php?rest_route=\/wp\/v2\/pages"}],"about":[{"href":"https:\/\/www.staszickutno.pl\/szkola\/index.php?rest_route=\/wp\/v2\/types\/page"}],"author":[{"embeddable":true,"href":"https:\/\/www.staszickutno.pl\/szkola\/index.php?rest_route=\/wp\/v2\/users\/1"}],"replies":[{"embeddable":true,"href":"https:\/\/www.staszickutno.pl\/szkola\/index.php?rest_route=%2Fwp%2Fv2%2Fcomments&post=3538"}],"version-history":[{"count":2,"href":"https:\/\/www.staszickutno.pl\/szkola\/index.php?rest_route=\/wp\/v2\/pages\/3538\/revisions"}],"predecessor-version":[{"id":3540,"href":"https:\/\/www.staszickutno.pl\/szkola\/index.php?rest_route=\/wp\/v2\/pages\/3538\/revisions\/3540"}],"wp:attachment":[{"href":"https:\/\/www.staszickutno.pl\/szkola\/index.php?rest_route=%2Fwp%2Fv2%2Fmedia&parent=3538"}],"curies":[{"name":"wp","href":"https:\/\/api.w.org\/{rel}","templated":true}]}}