{"id":4237,"date":"2018-12-06T18:05:54","date_gmt":"2018-12-06T17:05:54","guid":{"rendered":"http:\/\/www.zs1.nstrefa.pl\/szkola\/?page_id=4237"},"modified":"2023-02-11T19:53:31","modified_gmt":"2023-02-11T18:53:31","slug":"akademia-staszica","status":"publish","type":"page","link":"https:\/\/www.staszickutno.pl\/szkola\/?page_id=4237","title":{"rendered":"Akademia Staszica"},"content":{"rendered":"\t\t<div data-elementor-type=\"wp-post\" data-elementor-id=\"4237\" class=\"elementor elementor-4237\" data-elementor-settings=\"[]\">\n\t\t\t\t\t\t<div class=\"elementor-inner\">\n\t\t\t\t\t\t\t<div class=\"elementor-section-wrap\">\n\t\t\t\t\t\t\t<section class=\"elementor-section elementor-top-section elementor-element elementor-element-aea92f6 elementor-section-boxed elementor-section-height-default elementor-section-height-default\" data-id=\"aea92f6\" data-element_type=\"section\">\n\t\t\t\t\t\t<div class=\"elementor-container elementor-column-gap-default\">\n\t\t\t\t\t\t\t<div class=\"elementor-row\">\n\t\t\t\t\t<div class=\"elementor-column elementor-col-100 elementor-top-column elementor-element elementor-element-148d047\" data-id=\"148d047\" data-element_type=\"column\">\n\t\t\t<div class=\"elementor-column-wrap elementor-element-populated\">\n\t\t\t\t\t\t\t<div class=\"elementor-widget-wrap\">\n\t\t\t\t\t\t<div class=\"elementor-element elementor-element-89359b2 elementor-widget elementor-widget-image\" data-id=\"89359b2\" data-element_type=\"widget\" data-widget_type=\"image.default\">\n\t\t\t\t<div class=\"elementor-widget-container\">\n\t\t\t\t\t<div class=\"elementor-image\">\n\t\t\t\t\t\t\t\t\t\t<img width=\"596\" height=\"842\" src=\"https:\/\/www.staszickutno.pl\/szkola\/wp-content\/uploads\/2019\/11\/zaproszenie-Akademia-Staszica.jpg\" class=\"attachment-large size-large\" alt=\"\" loading=\"lazy\" srcset=\"https:\/\/www.staszickutno.pl\/szkola\/wp-content\/uploads\/2019\/11\/zaproszenie-Akademia-Staszica.jpg 596w, https:\/\/www.staszickutno.pl\/szkola\/wp-content\/uploads\/2019\/11\/zaproszenie-Akademia-Staszica-106x150.jpg 106w, https:\/\/www.staszickutno.pl\/szkola\/wp-content\/uploads\/2019\/11\/zaproszenie-Akademia-Staszica-212x300.jpg 212w\" sizes=\"(max-width: 596px) 100vw, 596px\" \/>\t\t\t\t\t\t\t\t\t\t\t<\/div>\n\t\t\t\t<\/div>\n\t\t\t\t<\/div>\n\t\t\t\t<div class=\"elementor-element elementor-element-1363c29 elementor-widget elementor-widget-text-editor\" data-id=\"1363c29\" data-element_type=\"widget\" data-widget_type=\"text-editor.default\">\n\t\t\t\t<div class=\"elementor-widget-container\">\n\t\t\t\t\t<div class=\"elementor-text-editor elementor-clearfix\"><div>\u00a0<\/div><div>Pragniemy przedstawi\u0107 nowy projekt naszej szko\u0142y, skierowany do uczni\u00f3w szk\u00f3\u0142 podstawowych i uczni\u00f3w klas gimnazjalnych. Jego celem jest przybli\u017cenie nauk przyrodniczych, humanistycznych i technicznych, pokazanie sposob\u00f3w i metod pracy oraz zach\u0119cenie do samodzielnej i tw\u00f3rczej aktywno\u015bci.<\/div><div>Nasi go\u015bcie b\u0119d\u0105 mogli uczestniczy\u0107 w zaj\u0119ciach zorganizowanych specjalnie dla nich, podczas kt\u00f3rych poprzez do\u015bwiadczenia, pokazy, \u0107wiczenia praktyczne, zdobywa\u0107 b\u0119d\u0105 kompetencje kluczowe, niezb\u0119dne do utrwalania wiedzy i nabywania nowych umiej\u0119tno\u015bci.<\/div><div>Lekcje odbywa\u0107 si\u0119 b\u0119d\u0105 cyklicznie, a nasza oferta stawa\u0107 si\u0119 b\u0119dzie coraz bogatsza.<\/div><div>\u00a0<\/div><div>ZA\u0141O\u017bENIA PROJEKTU:<\/div><ul><li>przygotowanie serii tematycznych do\u015bwiadcze\u0144, pokaz\u00f3w, \u0107wicze\u0144, prelekcji itp.\u00a0 z danego przedmiotu<\/li><li>w projekt zaanga\u017cowani b\u0119d\u0105 uczniowie naszej szko\u0142y pod nadzorem nauczyciela \u2013 opiekuna<\/li><li>osob\u0105 odpowiedzialn\u0105 za przygotowanie i realizacj\u0119 projektu z danego przedmiotu jest nauczyciel \u2013 opiekun<\/li><li>realizacja projektu mo\u017ce odbywa\u0107 si\u0119 na terenie szko\u0142y podstawowej, po wcze\u015bniejszym ustaleniu terminu, lub w naszej szkole<\/li><li>realizacja projektu mo\u017ce dotyczy\u0107 kilku przedmiot\u00f3w i trwa\u0107 b\u0119dzie ca\u0142y rok szkolny<\/li><\/ul><div style=\"text-align: right;\">Serdecznie zapraszamy.<\/div><\/div>\n\t\t\t\t<\/div>\n\t\t\t\t<\/div>\n\t\t\t\t\t\t<\/div>\n\t\t\t\t\t<\/div>\n\t\t<\/div>\n\t\t\t\t\t\t\t\t<\/div>\n\t\t\t\t\t<\/div>\n\t\t<\/section>\n\t\t\t\t\t\t<\/div>\n\t\t\t\t\t\t<\/div>\n\t\t\t\t\t<\/div>\n\t\t","protected":false},"excerpt":{"rendered":"<p>\u00a0Pragniemy przedstawi\u0107 nowy projekt naszej szko\u0142y, skierowany do uczni\u00f3w szk\u00f3\u0142 podstawowych i uczni\u00f3w klas gimnazjalnych. Jego celem jest przybli\u017cenie nauk przyrodniczych, humanistycznych i technicznych, pokazanie sposob\u00f3w i metod pracy oraz zach\u0119cenie do samodzielnej i tw\u00f3rczej aktywno\u015bci.Nasi go\u015bcie b\u0119d\u0105 mogli uczestniczy\u0107 w zaj\u0119ciach zorganizowanych specjalnie dla nich, podczas kt\u00f3rych poprzez do\u015bwiadczenia, pokazy, \u0107wiczenia praktyczne, zdobywa\u0107 b\u0119d\u0105 [&hellip;]<\/p>\n","protected":false},"author":1,"featured_media":0,"parent":0,"menu_order":0,"comment_status":"closed","ping_status":"closed","template":"","meta":[],"_links":{"self":[{"href":"https:\/\/www.staszickutno.pl\/szkola\/index.php?rest_route=\/wp\/v2\/pages\/4237"}],"collection":[{"href":"https:\/\/www.staszickutno.pl\/szkola\/index.php?rest_route=\/wp\/v2\/pages"}],"about":[{"href":"https:\/\/www.staszickutno.pl\/szkola\/index.php?rest_route=\/wp\/v2\/types\/page"}],"author":[{"embeddable":true,"href":"https:\/\/www.staszickutno.pl\/szkola\/index.php?rest_route=\/wp\/v2\/users\/1"}],"replies":[{"embeddable":true,"href":"https:\/\/www.staszickutno.pl\/szkola\/index.php?rest_route=%2Fwp%2Fv2%2Fcomments&post=4237"}],"version-history":[{"count":6,"href":"https:\/\/www.staszickutno.pl\/szkola\/index.php?rest_route=\/wp\/v2\/pages\/4237\/revisions"}],"predecessor-version":[{"id":12094,"href":"https:\/\/www.staszickutno.pl\/szkola\/index.php?rest_route=\/wp\/v2\/pages\/4237\/revisions\/12094"}],"wp:attachment":[{"href":"https:\/\/www.staszickutno.pl\/szkola\/index.php?rest_route=%2Fwp%2Fv2%2Fmedia&parent=4237"}],"curies":[{"name":"wp","href":"https:\/\/api.w.org\/{rel}","templated":true}]}}