{"id":8718,"date":"2021-05-13T22:14:28","date_gmt":"2021-05-13T21:14:28","guid":{"rendered":"http:\/\/www.staszickutno.pl\/szkola\/?page_id=8718"},"modified":"2021-10-21T14:06:39","modified_gmt":"2021-10-21T13:06:39","slug":"zaciekawic-historia-2","status":"publish","type":"page","link":"https:\/\/www.staszickutno.pl\/szkola\/?page_id=8718","title":{"rendered":"Historia jest wok\u00f3\u0142 nas"},"content":{"rendered":"\t\t<div data-elementor-type=\"wp-page\" data-elementor-id=\"8718\" class=\"elementor elementor-8718\" data-elementor-settings=\"[]\">\n\t\t\t\t\t\t<div class=\"elementor-inner\">\n\t\t\t\t\t\t\t<div class=\"elementor-section-wrap\">\n\t\t\t\t\t\t\t<section class=\"elementor-section elementor-top-section elementor-element elementor-element-4b501a8 elementor-section-boxed elementor-section-height-default elementor-section-height-default\" data-id=\"4b501a8\" data-element_type=\"section\">\n\t\t\t\t\t\t<div class=\"elementor-container elementor-column-gap-default\">\n\t\t\t\t\t\t\t<div class=\"elementor-row\">\n\t\t\t\t\t<div class=\"elementor-column elementor-col-100 elementor-top-column elementor-element elementor-element-926d68e\" data-id=\"926d68e\" data-element_type=\"column\">\n\t\t\t<div class=\"elementor-column-wrap elementor-element-populated\">\n\t\t\t\t\t\t\t<div class=\"elementor-widget-wrap\">\n\t\t\t\t\t\t<div class=\"elementor-element elementor-element-48351c5 elementor-invisible elementor-widget elementor-widget-text-editor\" data-id=\"48351c5\" data-element_type=\"widget\" data-settings=\"{&quot;_animation&quot;:&quot;zoomIn&quot;}\" data-widget_type=\"text-editor.default\">\n\t\t\t\t<div class=\"elementor-widget-container\">\n\t\t\t\t\t<div class=\"elementor-text-editor elementor-clearfix\"><p><a href=\"https:\/\/www.staszickutno.pl\/szkola\/?p=9027\">17-22 wrze\u015bnia 1939r. Bitwa nad Bzur\u0105 i agresja sowiecka<\/a><\/p><\/div>\n\t\t\t\t<\/div>\n\t\t\t\t<\/div>\n\t\t\t\t<div class=\"elementor-element elementor-element-d68acc1 elementor-invisible elementor-widget elementor-widget-text-editor\" data-id=\"d68acc1\" data-element_type=\"widget\" data-settings=\"{&quot;_animation&quot;:&quot;zoomIn&quot;}\" data-widget_type=\"text-editor.default\">\n\t\t\t\t<div class=\"elementor-widget-container\">\n\t\t\t\t\t<div class=\"elementor-text-editor elementor-clearfix\"><p><a href=\"http:\/\/staszickutno.pl\/szkola\/wp-content\/uploads\/2021\/05\/Trzech naszych uczni\u00f3w nagrodzonych w Wielkim Te\u015bcie Wiedzy o Kutnie-skonwertowany.pdf\" target=\"_blank\" rel=\"noopener\">Konkurs Wiedzy o Kutnie<\/a><\/p><\/div>\n\t\t\t\t<\/div>\n\t\t\t\t<\/div>\n\t\t\t\t\t\t<\/div>\n\t\t\t\t\t<\/div>\n\t\t<\/div>\n\t\t\t\t\t\t\t\t<\/div>\n\t\t\t\t\t<\/div>\n\t\t<\/section>\n\t\t\t\t<section class=\"elementor-section elementor-top-section elementor-element elementor-element-641e4bc elementor-section-boxed elementor-section-height-default elementor-section-height-default\" data-id=\"641e4bc\" data-element_type=\"section\">\n\t\t\t\t\t\t<div class=\"elementor-container elementor-column-gap-default\">\n\t\t\t\t\t\t\t<div class=\"elementor-row\">\n\t\t\t\t\t<div class=\"elementor-column elementor-col-100 elementor-top-column elementor-element elementor-element-4330b4d\" data-id=\"4330b4d\" data-element_type=\"column\">\n\t\t\t<div class=\"elementor-column-wrap elementor-element-populated\">\n\t\t\t\t\t\t\t<div class=\"elementor-widget-wrap\">\n\t\t\t\t\t\t<div class=\"elementor-element elementor-element-d0e087e elementor-invisible elementor-widget elementor-widget-text-editor\" data-id=\"d0e087e\" data-element_type=\"widget\" data-settings=\"{&quot;_animation&quot;:&quot;zoomIn&quot;}\" data-widget_type=\"text-editor.default\">\n\t\t\t\t<div class=\"elementor-widget-container\">\n\t\t\t\t\t<div class=\"elementor-text-editor elementor-clearfix\"><p><a href=\"http:\/\/staszickutno.pl\/szkola\/wp-content\/uploads\/2021\/05\/Staszic na obrazie Jana Matejki Uchwalenia Konstytucji 3 Maja.pdf\" target=\"_blank\" rel=\"noopener\">Materia\u0142 o Stanis\u0142awie Staszicu w zwi\u0105zku z Konstytucj\u0105 3 Maja<\/a><\/p><\/div>\n\t\t\t\t<\/div>\n\t\t\t\t<\/div>\n\t\t\t\t\t\t<\/div>\n\t\t\t\t\t<\/div>\n\t\t<\/div>\n\t\t\t\t\t\t\t\t<\/div>\n\t\t\t\t\t<\/div>\n\t\t<\/section>\n\t\t\t\t<section class=\"elementor-section elementor-top-section elementor-element elementor-element-1ed5d0d elementor-section-boxed elementor-section-height-default elementor-section-height-default\" data-id=\"1ed5d0d\" data-element_type=\"section\">\n\t\t\t\t\t\t<div class=\"elementor-container elementor-column-gap-default\">\n\t\t\t\t\t\t\t<div class=\"elementor-row\">\n\t\t\t\t\t<div class=\"elementor-column elementor-col-100 elementor-top-column elementor-element elementor-element-b7d38a1\" data-id=\"b7d38a1\" data-element_type=\"column\">\n\t\t\t<div class=\"elementor-column-wrap elementor-element-populated\">\n\t\t\t\t\t\t\t<div class=\"elementor-widget-wrap\">\n\t\t\t\t\t\t<div class=\"elementor-element elementor-element-0d47674 elementor-invisible elementor-widget elementor-widget-text-editor\" data-id=\"0d47674\" data-element_type=\"widget\" data-settings=\"{&quot;_animation&quot;:&quot;zoomIn&quot;}\" data-widget_type=\"text-editor.default\">\n\t\t\t\t<div class=\"elementor-widget-container\">\n\t\t\t\t\t<div class=\"elementor-text-editor elementor-clearfix\"><p><a href=\"http:\/\/staszickutno.pl\/szkola\/wp-content\/uploads\/2021\/05\/W  Powiatowym Konkursie Wiedzy o Powstaniu Styczniowym nasza dru\u017cyna w sk\u0142adzie Oskar Brzezi\u0144ski Kornel Grzelak Piotr Bartczak-skonwertowany.pdf\" target=\"_blank\" rel=\"noopener\">Powiatowy Konkurs o Powstaniu Styczniowym<\/a><\/p><\/div>\n\t\t\t\t<\/div>\n\t\t\t\t<\/div>\n\t\t\t\t\t\t<\/div>\n\t\t\t\t\t<\/div>\n\t\t<\/div>\n\t\t\t\t\t\t\t\t<\/div>\n\t\t\t\t\t<\/div>\n\t\t<\/section>\n\t\t\t\t\t\t<\/div>\n\t\t\t\t\t\t<\/div>\n\t\t\t\t\t<\/div>\n\t\t","protected":false},"excerpt":{"rendered":"<p>17-22 wrze\u015bnia 1939r. Bitwa nad Bzur\u0105 i agresja sowiecka Konkurs Wiedzy o Kutnie Materia\u0142 o Stanis\u0142awie Staszicu w zwi\u0105zku z Konstytucj\u0105 3 Maja Powiatowy Konkurs o Powstaniu Styczniowym<\/p>\n","protected":false},"author":2,"featured_media":0,"parent":3187,"menu_order":0,"comment_status":"closed","ping_status":"closed","template":"","meta":[],"_links":{"self":[{"href":"https:\/\/www.staszickutno.pl\/szkola\/index.php?rest_route=\/wp\/v2\/pages\/8718"}],"collection":[{"href":"https:\/\/www.staszickutno.pl\/szkola\/index.php?rest_route=\/wp\/v2\/pages"}],"about":[{"href":"https:\/\/www.staszickutno.pl\/szkola\/index.php?rest_route=\/wp\/v2\/types\/page"}],"author":[{"embeddable":true,"href":"https:\/\/www.staszickutno.pl\/szkola\/index.php?rest_route=\/wp\/v2\/users\/2"}],"replies":[{"embeddable":true,"href":"https:\/\/www.staszickutno.pl\/szkola\/index.php?rest_route=%2Fwp%2Fv2%2Fcomments&post=8718"}],"version-history":[{"count":6,"href":"https:\/\/www.staszickutno.pl\/szkola\/index.php?rest_route=\/wp\/v2\/pages\/8718\/revisions"}],"predecessor-version":[{"id":9282,"href":"https:\/\/www.staszickutno.pl\/szkola\/index.php?rest_route=\/wp\/v2\/pages\/8718\/revisions\/9282"}],"up":[{"embeddable":true,"href":"https:\/\/www.staszickutno.pl\/szkola\/index.php?rest_route=\/wp\/v2\/pages\/3187"}],"wp:attachment":[{"href":"https:\/\/www.staszickutno.pl\/szkola\/index.php?rest_route=%2Fwp%2Fv2%2Fmedia&parent=8718"}],"curies":[{"name":"wp","href":"https:\/\/api.w.org\/{rel}","templated":true}]}}